{"id":303,"date":"2020-02-16T14:22:56","date_gmt":"2020-02-16T19:22:56","guid":{"rendered":"https:\/\/cisss-gaspesie.gouv.qc.ca\/professionnels\/?page_id=303"},"modified":"2020-03-09T10:31:40","modified_gmt":"2020-03-09T14:31:40","slug":"ceci-est-une-page-privee","status":"publish","type":"page","link":"https:\/\/cisss-gaspesie.gouv.qc.ca\/professionnels\/ceci-est-une-page-privee\/","title":{"rendered":"Ceci est une page priv\u00e9e"},"content":{"rendered":"\t\t<div data-elementor-type=\"wp-page\" data-elementor-id=\"303\" class=\"elementor elementor-303\" data-elementor-post-type=\"page\">\n\t\t\t\t\t\t<section class=\"elementor-section elementor-top-section elementor-element elementor-element-36017d37 elementor-section-height-min-height elementor-section-boxed elementor-section-height-default elementor-section-items-middle\" data-id=\"36017d37\" data-element_type=\"section\" data-e-type=\"section\" data-settings=\"{&quot;background_background&quot;:&quot;classic&quot;,&quot;shape_divider_bottom&quot;:&quot;mountains&quot;,&quot;jet_parallax_layout_list&quot;:[{&quot;jet_parallax_layout_image&quot;:{&quot;url&quot;:&quot;&quot;,&quot;id&quot;:&quot;&quot;,&quot;size&quot;:&quot;&quot;},&quot;_id&quot;:&quot;0423b7f&quot;,&quot;jet_parallax_layout_image_tablet&quot;:{&quot;url&quot;:&quot;&quot;,&quot;id&quot;:&quot;&quot;,&quot;size&quot;:&quot;&quot;},&quot;jet_parallax_layout_image_mobile&quot;:{&quot;url&quot;:&quot;&quot;,&quot;id&quot;:&quot;&quot;,&quot;size&quot;:&quot;&quot;},&quot;jet_parallax_layout_speed&quot;:{&quot;unit&quot;:&quot;%&quot;,&quot;size&quot;:50,&quot;sizes&quot;:[]},&quot;jet_parallax_layout_type&quot;:&quot;scroll&quot;,&quot;jet_parallax_layout_direction&quot;:&quot;1&quot;,&quot;jet_parallax_layout_fx_direction&quot;:null,&quot;jet_parallax_layout_z_index&quot;:&quot;&quot;,&quot;jet_parallax_layout_bg_x&quot;:50,&quot;jet_parallax_layout_bg_y&quot;:50,&quot;jet_parallax_layout_bg_size&quot;:&quot;auto&quot;,&quot;jet_parallax_layout_animation_prop&quot;:&quot;transform&quot;,&quot;jet_parallax_layout_on&quot;:[&quot;desktop&quot;,&quot;tablet&quot;],&quot;jet_parallax_layout_bg_x_tablet&quot;:&quot;&quot;,&quot;jet_parallax_layout_bg_x_mobile&quot;:&quot;&quot;,&quot;jet_parallax_layout_bg_y_tablet&quot;:&quot;&quot;,&quot;jet_parallax_layout_bg_y_mobile&quot;:&quot;&quot;,&quot;jet_parallax_layout_bg_size_tablet&quot;:&quot;&quot;,&quot;jet_parallax_layout_bg_size_mobile&quot;:&quot;&quot;}]}\">\n\t\t\t\t\t<div class=\"elementor-shape elementor-shape-bottom\" aria-hidden=\"true\" data-negative=\"false\">\n\t\t\t<svg xmlns=\"http:\/\/www.w3.org\/2000\/svg\" viewBox=\"0 0 1000 100\" preserveAspectRatio=\"none\">\n\t<path class=\"elementor-shape-fill\" opacity=\"0.33\" d=\"M473,67.3c-203.9,88.3-263.1-34-320.3,0C66,119.1,0,59.7,0,59.7V0h1000v59.7 c0,0-62.1,26.1-94.9,29.3c-32.8,3.3-62.8-12.3-75.8-22.1C806,49.6,745.3,8.7,694.9,4.7S492.4,59,473,67.3z\"\/>\n\t<path class=\"elementor-shape-fill\" opacity=\"0.66\" d=\"M734,67.3c-45.5,0-77.2-23.2-129.1-39.1c-28.6-8.7-150.3-10.1-254,39.1 s-91.7-34.4-149.2,0C115.7,118.3,0,39.8,0,39.8V0h1000v36.5c0,0-28.2-18.5-92.1-18.5C810.2,18.1,775.7,67.3,734,67.3z\"\/>\n\t<path class=\"elementor-shape-fill\" d=\"M766.1,28.9c-200-57.5-266,65.5-395.1,19.5C242,1.8,242,5.4,184.8,20.6C128,35.8,132.3,44.9,89.9,52.5C28.6,63.7,0,0,0,0 h1000c0,0-9.9,40.9-83.6,48.1S829.6,47,766.1,28.9z\"\/>\n<\/svg>\t\t<\/div>\n\t\t\t\t\t<div class=\"elementor-container elementor-column-gap-default\">\n\t\t\t\t\t<div class=\"elementor-column elementor-col-100 elementor-top-column elementor-element elementor-element-58b76611\" data-id=\"58b76611\" data-element_type=\"column\" data-e-type=\"column\">\n\t\t\t<div class=\"elementor-widget-wrap\">\n\t\t\t\t\t\t\t<\/div>\n\t\t<\/div>\n\t\t\t\t\t<\/div>\n\t\t<\/section>\n\t\t\t\t<section class=\"elementor-section elementor-top-section elementor-element elementor-element-ad67d38 elementor-reverse-mobile elementor-section-boxed elementor-section-height-default elementor-section-height-default\" data-id=\"ad67d38\" data-element_type=\"section\" data-e-type=\"section\" data-settings=\"{&quot;jet_parallax_layout_list&quot;:[{&quot;jet_parallax_layout_image&quot;:{&quot;url&quot;:&quot;&quot;,&quot;id&quot;:&quot;&quot;,&quot;size&quot;:&quot;&quot;},&quot;_id&quot;:&quot;b341a39&quot;,&quot;jet_parallax_layout_image_tablet&quot;:{&quot;url&quot;:&quot;&quot;,&quot;id&quot;:&quot;&quot;,&quot;size&quot;:&quot;&quot;},&quot;jet_parallax_layout_image_mobile&quot;:{&quot;url&quot;:&quot;&quot;,&quot;id&quot;:&quot;&quot;,&quot;size&quot;:&quot;&quot;},&quot;jet_parallax_layout_speed&quot;:{&quot;unit&quot;:&quot;%&quot;,&quot;size&quot;:50,&quot;sizes&quot;:[]},&quot;jet_parallax_layout_type&quot;:&quot;scroll&quot;,&quot;jet_parallax_layout_direction&quot;:&quot;1&quot;,&quot;jet_parallax_layout_fx_direction&quot;:null,&quot;jet_parallax_layout_z_index&quot;:&quot;&quot;,&quot;jet_parallax_layout_bg_x&quot;:50,&quot;jet_parallax_layout_bg_y&quot;:50,&quot;jet_parallax_layout_bg_size&quot;:&quot;auto&quot;,&quot;jet_parallax_layout_animation_prop&quot;:&quot;transform&quot;,&quot;jet_parallax_layout_on&quot;:[&quot;desktop&quot;,&quot;tablet&quot;],&quot;jet_parallax_layout_bg_x_tablet&quot;:&quot;&quot;,&quot;jet_parallax_layout_bg_x_mobile&quot;:&quot;&quot;,&quot;jet_parallax_layout_bg_y_tablet&quot;:&quot;&quot;,&quot;jet_parallax_layout_bg_y_mobile&quot;:&quot;&quot;,&quot;jet_parallax_layout_bg_size_tablet&quot;:&quot;&quot;,&quot;jet_parallax_layout_bg_size_mobile&quot;:&quot;&quot;}]}\">\n\t\t\t\t\t\t<div class=\"elementor-container elementor-column-gap-default\">\n\t\t\t\t\t<div class=\"elementor-column elementor-col-50 elementor-top-column elementor-element elementor-element-76ac7a89\" data-id=\"76ac7a89\" data-element_type=\"column\" data-e-type=\"column\">\n\t\t\t<div class=\"elementor-widget-wrap elementor-element-populated\">\n\t\t\t\t\t\t<div class=\"elementor-element elementor-element-75d9807 elementor-widget elementor-widget-wp-widget-maxmegamenu\" data-id=\"75d9807\" data-element_type=\"widget\" data-e-type=\"widget\" data-widget_type=\"wp-widget-maxmegamenu.default\">\n\t\t\t\t<div class=\"elementor-widget-container\">\n\t\t\t\t\t<div id=\"mega-menu-wrap-max_mega_menu_1\" class=\"mega-menu-wrap\"><div class=\"mega-menu-toggle\"><div class=\"mega-toggle-blocks-left\"><\/div><div class=\"mega-toggle-blocks-center\"><\/div><div class=\"mega-toggle-blocks-right\"><div class='mega-toggle-block mega-menu-toggle-block mega-toggle-block-1' id='mega-toggle-block-1' tabindex='0'><span class='mega-toggle-label' role='button' aria-expanded='false'><span class='mega-toggle-label-closed'>MENU<\/span><span class='mega-toggle-label-open'>MENU<\/span><\/span><\/div><\/div><\/div><ul id=\"mega-menu-max_mega_menu_1\" class=\"mega-menu max-mega-menu mega-menu-accordion mega-no-js\" data-event=\"hover_intent\" data-effect=\"fade_up\" data-effect-speed=\"200\" data-effect-mobile=\"disabled\" data-effect-speed-mobile=\"0\" data-mobile-force-width=\"false\" data-second-click=\"go\" data-document-click=\"disabled\" data-vertical-behaviour=\"accordion\" data-breakpoint=\"768\" data-unbind=\"true\" data-mobile-state=\"collapse_all\" data-mobile-direction=\"vertical\" data-hover-intent-timeout=\"300\" data-hover-intent-interval=\"100\"><li class=\"mega-menu-item mega-menu-item-type-post_type mega-menu-item-object-page mega-align-bottom-left mega-menu-flyout mega-menu-item-1181\" id=\"mega-menu-item-1181\"><a class=\"mega-menu-link\" href=\"https:\/\/cisss-gaspesie.gouv.qc.ca\/professionnels\/covid-19\/\" tabindex=\"0\">COVID-19<\/a><\/li><li class=\"mega-menu-item mega-menu-item-type-post_type mega-menu-item-object-page mega-align-bottom-left mega-menu-flyout mega-menu-item-268\" id=\"mega-menu-item-268\"><a class=\"mega-menu-link\" href=\"https:\/\/cisss-gaspesie.gouv.qc.ca\/professionnels\/accueil\/actualites\/\" tabindex=\"0\">Actualit\u00e9s<\/a><\/li><li class=\"mega-menu-item mega-menu-item-type-post_type mega-menu-item-object-page mega-align-bottom-left mega-menu-flyout mega-menu-item-271\" id=\"mega-menu-item-271\"><a class=\"mega-menu-link\" href=\"https:\/\/cisss-gaspesie.gouv.qc.ca\/professionnels\/ag-et-aga\/\" tabindex=\"0\">AG et AGA<\/a><\/li><li class=\"mega-menu-item mega-menu-item-type-custom mega-menu-item-object-custom mega-align-bottom-left mega-menu-flyout mega-menu-item-1056\" id=\"mega-menu-item-1056\"><a class=\"mega-menu-link\" href=\"https:\/\/www.cisss-gaspesie.gouv.qc.ca\/employes-professionnels\/antibiotherapie\/\" tabindex=\"0\">Antibioth\u00e9rapie<\/a><\/li><li class=\"mega-menu-item mega-menu-item-type-post_type mega-menu-item-object-page mega-align-bottom-left mega-menu-flyout mega-menu-item-1201\" id=\"mega-menu-item-1201\"><a class=\"mega-menu-link\" href=\"https:\/\/cisss-gaspesie.gouv.qc.ca\/professionnels\/?page_id=237\" tabindex=\"0\">CMDPSF<\/a><\/li><li class=\"mega-menu-item mega-menu-item-type-post_type mega-menu-item-object-page mega-align-bottom-left mega-menu-flyout mega-menu-item-267\" id=\"mega-menu-item-267\"><a class=\"mega-menu-link\" href=\"https:\/\/cisss-gaspesie.gouv.qc.ca\/professionnels\/comites\/\" tabindex=\"0\">Comit\u00e9s<\/a><\/li><li class=\"mega-menu-item mega-menu-item-type-post_type mega-menu-item-object-page mega-menu-item-has-children mega-align-bottom-left mega-menu-flyout mega-menu-item-294\" id=\"mega-menu-item-294\"><a class=\"mega-menu-link\" href=\"https:\/\/cisss-gaspesie.gouv.qc.ca\/professionnels\/comites\/comite-executif\/\" aria-expanded=\"false\" tabindex=\"0\">Comit\u00e9 \u00e9x\u00e9cutif<span class=\"mega-indicator\" aria-hidden=\"true\"><\/span><\/a>\n<ul class=\"mega-sub-menu\">\n<li class=\"mega-menu-item mega-menu-item-type-post_type mega-menu-item-object-page mega-menu-item-332\" id=\"mega-menu-item-332\"><a class=\"mega-menu-link\" href=\"https:\/\/cisss-gaspesie.gouv.qc.ca\/professionnels\/comites\/comite-executif\/documentation-du-comite-executif\/\">Documentation du comit\u00e9 ex\u00e9cutif<\/a><\/li><\/ul>\n<\/li><li class=\"mega-menu-item mega-menu-item-type-post_type mega-menu-item-object-page mega-menu-item-has-children mega-align-bottom-left mega-menu-flyout mega-menu-item-297\" id=\"mega-menu-item-297\"><a class=\"mega-menu-link\" href=\"https:\/\/cisss-gaspesie.gouv.qc.ca\/professionnels\/comites\/comite-dexamen-des-titres\/\" aria-expanded=\"false\" tabindex=\"0\">Comit\u00e9 d\u2019examen des titres<span class=\"mega-indicator\" aria-hidden=\"true\"><\/span><\/a>\n<ul class=\"mega-sub-menu\">\n<li class=\"mega-menu-item mega-menu-item-type-post_type mega-menu-item-object-page mega-menu-item-381\" id=\"mega-menu-item-381\"><a class=\"mega-menu-link\" href=\"https:\/\/cisss-gaspesie.gouv.qc.ca\/professionnels\/comites\/comite-dexamen-des-titres\/documentation-du-comite\/\">Documentation du comit\u00e9 des titres<\/a><\/li><\/ul>\n<\/li><li class=\"mega-menu-item mega-menu-item-type-post_type mega-menu-item-object-page mega-menu-item-has-children mega-align-bottom-left mega-menu-flyout mega-menu-item-295\" id=\"mega-menu-item-295\"><a class=\"mega-menu-link\" href=\"https:\/\/cisss-gaspesie.gouv.qc.ca\/professionnels\/comites\/comite-de-pharmacologie\/\" aria-expanded=\"false\" tabindex=\"0\">Comit\u00e9 de pharmacologie<span class=\"mega-indicator\" aria-hidden=\"true\"><\/span><\/a>\n<ul class=\"mega-sub-menu\">\n<li class=\"mega-menu-item mega-menu-item-type-post_type mega-menu-item-object-page mega-menu-item-382\" id=\"mega-menu-item-382\"><a class=\"mega-menu-link\" href=\"https:\/\/cisss-gaspesie.gouv.qc.ca\/professionnels\/comites\/comite-de-pharmacologie\/documentation-du-comite\/\">Documentation du comit\u00e9 de pharmacologie<\/a><\/li><\/ul>\n<\/li><li class=\"mega-menu-item mega-menu-item-type-post_type mega-menu-item-object-page mega-menu-item-has-children mega-align-bottom-left mega-menu-flyout mega-menu-item-298\" id=\"mega-menu-item-298\"><a class=\"mega-menu-link\" href=\"https:\/\/cisss-gaspesie.gouv.qc.ca\/professionnels\/comites\/comite-devaluation-de-la-qualite-de-lacte\/\" aria-expanded=\"false\" tabindex=\"0\">Comit\u00e9 d\u2019\u00e9valuation de la qualit\u00e9 de l\u2019acte<span class=\"mega-indicator\" aria-hidden=\"true\"><\/span><\/a>\n<ul class=\"mega-sub-menu\">\n<li class=\"mega-menu-item mega-menu-item-type-post_type mega-menu-item-object-page mega-menu-item-384\" id=\"mega-menu-item-384\"><a class=\"mega-menu-link\" href=\"https:\/\/cisss-gaspesie.gouv.qc.ca\/professionnels\/comites\/comite-devaluation-de-la-qualite-de-lacte\/documentation-du-comite\/\">Documentation du comit\u00e9 de la qualit\u00e9 de l\u2019acte<\/a><\/li><\/ul>\n<\/li><li class=\"mega-menu-item mega-menu-item-type-post_type mega-menu-item-object-page mega-menu-item-has-children mega-align-bottom-left mega-menu-flyout mega-menu-item-5744\" id=\"mega-menu-item-5744\"><a class=\"mega-menu-link\" href=\"https:\/\/cisss-gaspesie.gouv.qc.ca\/professionnels\/comites\/comite-devaluation-de-la-qualite-de-lacte-amm-spc\/\" aria-expanded=\"false\" tabindex=\"0\">Comit\u00e9 d\u2019\u00e9valuation de la qualit\u00e9 de l\u2019acte  AMM\/SPC<span class=\"mega-indicator\" aria-hidden=\"true\"><\/span><\/a>\n<ul class=\"mega-sub-menu\">\n<li class=\"mega-menu-item mega-menu-item-type-custom mega-menu-item-object-custom mega-menu-item-5745\" id=\"mega-menu-item-5745\"><a class=\"mega-menu-link\" href=\"https:\/\/cisss-gaspesie.gouv.qc.ca\/professionnels\/comites\/comite-devaluation-de-la-qualite-de-lacte-amm-spc\/documentation-du-cea-amm-spc\/\">Documentation du C\u00c9A AMM\/SPC<\/a><\/li><\/ul>\n<\/li><li class=\"mega-menu-item mega-menu-item-type-post_type mega-menu-item-object-page mega-align-bottom-left mega-menu-flyout mega-menu-item-299\" id=\"mega-menu-item-299\"><a class=\"mega-menu-link\" href=\"https:\/\/cisss-gaspesie.gouv.qc.ca\/professionnels\/comites\/cdtc\/\" tabindex=\"0\">CDTC<\/a><\/li><li class=\"mega-menu-item mega-menu-item-type-post_type mega-menu-item-object-page mega-align-bottom-left mega-menu-flyout mega-menu-item-296\" id=\"mega-menu-item-296\"><a class=\"mega-menu-link\" href=\"https:\/\/cisss-gaspesie.gouv.qc.ca\/professionnels\/comites\/comite-de-discipline\/\" tabindex=\"0\">Comit\u00e9 de discipline<\/a><\/li><li class=\"mega-menu-item mega-menu-item-type-post_type mega-menu-item-object-page mega-align-bottom-left mega-menu-flyout mega-menu-item-277\" id=\"mega-menu-item-277\"><a class=\"mega-menu-link\" href=\"https:\/\/cisss-gaspesie.gouv.qc.ca\/professionnels\/crds\/\" tabindex=\"0\">CRDS<\/a><\/li><li class=\"mega-menu-item mega-menu-item-type-post_type mega-menu-item-object-page mega-menu-item-has-children mega-align-bottom-left mega-menu-flyout mega-menu-item-269\" id=\"mega-menu-item-269\"><a class=\"mega-menu-link\" href=\"https:\/\/cisss-gaspesie.gouv.qc.ca\/professionnels\/departements\/\" aria-expanded=\"false\" tabindex=\"0\">D\u00e9partements<span class=\"mega-indicator\" aria-hidden=\"true\"><\/span><\/a>\n<ul class=\"mega-sub-menu\">\n<li class=\"mega-menu-item mega-menu-item-type-post_type mega-menu-item-object-page mega-menu-item-281\" id=\"mega-menu-item-281\"><a class=\"mega-menu-link\" href=\"https:\/\/cisss-gaspesie.gouv.qc.ca\/professionnels\/departements\/anesthesie\/\">Anesth\u00e9sie<\/a><\/li><li class=\"mega-menu-item mega-menu-item-type-post_type mega-menu-item-object-page mega-menu-item-has-children mega-menu-item-283\" id=\"mega-menu-item-283\"><a class=\"mega-menu-link\" href=\"https:\/\/cisss-gaspesie.gouv.qc.ca\/professionnels\/departements\/chirurgie\/\" aria-expanded=\"false\">Chirurgie<span class=\"mega-indicator\" aria-hidden=\"true\"><\/span><\/a>\n\t<ul class=\"mega-sub-menu\">\n<li class=\"mega-menu-item mega-menu-item-type-post_type mega-menu-item-object-page mega-menu-item-380\" id=\"mega-menu-item-380\"><a class=\"mega-menu-link\" href=\"https:\/\/cisss-gaspesie.gouv.qc.ca\/professionnels\/departements\/chirurgie\/documentation\/\">documentation<\/a><\/li>\t<\/ul>\n<\/li><li class=\"mega-menu-item mega-menu-item-type-post_type mega-menu-item-object-page mega-menu-item-284\" id=\"mega-menu-item-284\"><a class=\"mega-menu-link\" href=\"https:\/\/cisss-gaspesie.gouv.qc.ca\/professionnels\/departements\/gynecologie-obstetrique\/\">Gyn\u00e9cologie-obst\u00e9trique<\/a><\/li><li class=\"mega-menu-item mega-menu-item-type-post_type mega-menu-item-object-page mega-menu-item-285\" id=\"mega-menu-item-285\"><a class=\"mega-menu-link\" href=\"https:\/\/cisss-gaspesie.gouv.qc.ca\/professionnels\/departements\/imagerie-medicale\/\">Imagerie m\u00e9dicale<\/a><\/li><li class=\"mega-menu-item mega-menu-item-type-post_type mega-menu-item-object-page mega-menu-item-286\" id=\"mega-menu-item-286\"><a class=\"mega-menu-link\" href=\"https:\/\/cisss-gaspesie.gouv.qc.ca\/professionnels\/departements\/medecine-de-famille\/\">M\u00e9decine de famille<\/a><\/li><li class=\"mega-menu-item mega-menu-item-type-post_type mega-menu-item-object-page mega-menu-item-287\" id=\"mega-menu-item-287\"><a class=\"mega-menu-link\" href=\"https:\/\/cisss-gaspesie.gouv.qc.ca\/professionnels\/departements\/medecine-dentaire\/\">M\u00e9decine dentaire<\/a><\/li><li class=\"mega-menu-item mega-menu-item-type-post_type mega-menu-item-object-page mega-menu-item-1519\" id=\"mega-menu-item-1519\"><a class=\"mega-menu-link\" href=\"https:\/\/cisss-gaspesie.gouv.qc.ca\/professionnels\/departements\/medecine-specialisee\/\">M\u00e9decine sp\u00e9cialis\u00e9e<\/a><\/li><li class=\"mega-menu-item mega-menu-item-type-post_type mega-menu-item-object-page mega-menu-item-289\" id=\"mega-menu-item-289\"><a class=\"mega-menu-link\" href=\"https:\/\/cisss-gaspesie.gouv.qc.ca\/professionnels\/departements\/pediatrie\/\">P\u00e9diatrie<\/a><\/li><li class=\"mega-menu-item mega-menu-item-type-post_type mega-menu-item-object-page mega-menu-item-290\" id=\"mega-menu-item-290\"><a class=\"mega-menu-link\" href=\"https:\/\/cisss-gaspesie.gouv.qc.ca\/professionnels\/departements\/pharmacie\/\">Pharmacie<\/a><\/li><li class=\"mega-menu-item mega-menu-item-type-post_type mega-menu-item-object-page mega-menu-item-291\" id=\"mega-menu-item-291\"><a class=\"mega-menu-link\" href=\"https:\/\/cisss-gaspesie.gouv.qc.ca\/professionnels\/departements\/psychiatrie\/\">Psychiatrie<\/a><\/li><li class=\"mega-menu-item mega-menu-item-type-post_type mega-menu-item-object-page mega-menu-item-292\" id=\"mega-menu-item-292\"><a class=\"mega-menu-link\" href=\"https:\/\/cisss-gaspesie.gouv.qc.ca\/professionnels\/departements\/sante-publique\/\">Sant\u00e9 publique<\/a><\/li><\/ul>\n<\/li><li class=\"mega-menu-item mega-menu-item-type-post_type mega-menu-item-object-page mega-align-bottom-left mega-menu-flyout mega-menu-item-272\" id=\"mega-menu-item-272\"><a class=\"mega-menu-link\" href=\"https:\/\/cisss-gaspesie.gouv.qc.ca\/professionnels\/dsq\/\" tabindex=\"0\">DSQ<\/a><\/li><li class=\"mega-menu-item mega-menu-item-type-post_type mega-menu-item-object-page mega-align-bottom-left mega-menu-flyout mega-menu-item-3471\" id=\"mega-menu-item-3471\"><a class=\"mega-menu-link\" href=\"https:\/\/cisss-gaspesie.gouv.qc.ca\/professionnels\/formulaires-cliniques\/\" tabindex=\"0\">Formulaires cliniques<\/a><\/li><li class=\"mega-menu-item mega-menu-item-type-post_type mega-menu-item-object-page mega-align-bottom-left mega-menu-flyout mega-menu-item-274\" id=\"mega-menu-item-274\"><a class=\"mega-menu-link\" href=\"https:\/\/cisss-gaspesie.gouv.qc.ca\/professionnels\/guichet-de-readaptation\/\" tabindex=\"0\">Guichet de r\u00e9adaptation<\/a><\/li><li class=\"mega-menu-item mega-menu-item-type-post_type mega-menu-item-object-page mega-menu-item-has-children mega-align-bottom-left mega-menu-flyout mega-menu-item-276\" id=\"mega-menu-item-276\"><a class=\"mega-menu-link\" href=\"https:\/\/cisss-gaspesie.gouv.qc.ca\/professionnels\/listes-de-garde\/\" aria-expanded=\"false\" tabindex=\"0\">Listes de garde<span class=\"mega-indicator\" aria-hidden=\"true\"><\/span><\/a>\n<ul class=\"mega-sub-menu\">\n<li class=\"mega-menu-item mega-menu-item-type-post_type mega-menu-item-object-page mega-menu-item-1286\" id=\"mega-menu-item-1286\"><a class=\"mega-menu-link\" href=\"https:\/\/cisss-gaspesie.gouv.qc.ca\/professionnels\/listes-de-garde-haute-gaspesie\/\">Listes de garde Haute-Gasp\u00e9sie<\/a><\/li><li class=\"mega-menu-item mega-menu-item-type-post_type mega-menu-item-object-page mega-menu-item-1295\" id=\"mega-menu-item-1295\"><a class=\"mega-menu-link\" href=\"https:\/\/cisss-gaspesie.gouv.qc.ca\/professionnels\/listes-de-garde-cote-de-gaspe\/\">Listes de garde C\u00f4te-de-Gasp\u00e9<\/a><\/li><li class=\"mega-menu-item mega-menu-item-type-post_type mega-menu-item-object-page mega-menu-item-1280\" id=\"mega-menu-item-1280\"><a class=\"mega-menu-link\" href=\"https:\/\/cisss-gaspesie.gouv.qc.ca\/professionnels\/listes-de-garde-rocher-perce\/\">Listes de garde Rocher-Perc\u00e9<\/a><\/li><li class=\"mega-menu-item mega-menu-item-type-post_type mega-menu-item-object-page mega-menu-item-1273\" id=\"mega-menu-item-1273\"><a class=\"mega-menu-link\" href=\"https:\/\/cisss-gaspesie.gouv.qc.ca\/professionnels\/listes-de-garde-baie-des-chaleurs\/\">Listes de garde Baie-des-Chaleurs<\/a><\/li><\/ul>\n<\/li><li class=\"mega-menu-item mega-menu-item-type-post_type mega-menu-item-object-page mega-align-bottom-left mega-menu-flyout mega-menu-item-275\" id=\"mega-menu-item-275\"><a class=\"mega-menu-link\" href=\"https:\/\/cisss-gaspesie.gouv.qc.ca\/professionnels\/niveaux-des-soins\/\" tabindex=\"0\">Niveaux des soins<\/a><\/li><li class=\"mega-menu-item mega-menu-item-type-post_type mega-menu-item-object-page mega-align-bottom-left mega-menu-flyout mega-menu-item-3493\" id=\"mega-menu-item-3493\"><a class=\"mega-menu-link\" href=\"https:\/\/cisss-gaspesie.gouv.qc.ca\/professionnels\/la-telesante\/\" tabindex=\"0\">La t\u00e9l\u00e9sant\u00e9<\/a><\/li><li class=\"mega-menu-item mega-menu-item-type-post_type mega-menu-item-object-page mega-align-bottom-left mega-menu-flyout mega-menu-item-270\" id=\"mega-menu-item-270\"><a class=\"mega-menu-link\" href=\"https:\/\/cisss-gaspesie.gouv.qc.ca\/professionnels\/soins-de-fin-de-vie\/\" tabindex=\"0\">Soins de fin de vie<\/a><\/li><\/ul><\/div>\t\t\t\t<\/div>\n\t\t\t\t<\/div>\n\t\t\t\t\t<\/div>\n\t\t<\/div>\n\t\t\t\t<div class=\"elementor-column elementor-col-50 elementor-top-column elementor-element elementor-element-66ed792c\" data-id=\"66ed792c\" data-element_type=\"column\" data-e-type=\"column\">\n\t\t\t<div class=\"elementor-widget-wrap elementor-element-populated\">\n\t\t\t\t\t\t<div class=\"elementor-element elementor-element-e713503 elementor-widget elementor-widget-text-editor\" data-id=\"e713503\" data-element_type=\"widget\" data-e-type=\"widget\" data-widget_type=\"text-editor.default\">\n\t\t\t\t<div class=\"elementor-widget-container\">\n\t\t\t\t\t\t\t\t\t<p>Vous devez avoir un code d&rsquo;acc\u00e8s privil\u00e9gi\u00e9 pour visiter la page pr\u00e9c\u00e9dente&#8230;<\/p><p>Merci de retourner \u00e0 la<a href=\"https:\/\/cisss-gaspesie.gouv.qc.ca\/professionnels\/\"> page d&rsquo;accueil<\/a><\/p>\t\t\t\t\t\t\t\t<\/div>\n\t\t\t\t<\/div>\n\t\t\t\t\t<\/div>\n\t\t<\/div>\n\t\t\t\t\t<\/div>\n\t\t<\/section>\n\t\t\t\t<\/div>\n\t\t","protected":false},"excerpt":{"rendered":"<p>Vous devez avoir un code d&rsquo;acc\u00e8s privil\u00e9gi\u00e9 pour visiter la page pr\u00e9c\u00e9dente&#8230; Merci de retourner \u00e0 la page d&rsquo;accueil<\/p>\n","protected":false},"author":1,"featured_media":0,"parent":0,"menu_order":0,"comment_status":"closed","ping_status":"closed","template":"elementor_header_footer","meta":{"footnotes":""},"class_list":["post-303","page","type-page","status-publish","hentry"],"_links":{"self":[{"href":"https:\/\/cisss-gaspesie.gouv.qc.ca\/professionnels\/wp-json\/wp\/v2\/pages\/303","targetHints":{"allow":["GET"]}}],"collection":[{"href":"https:\/\/cisss-gaspesie.gouv.qc.ca\/professionnels\/wp-json\/wp\/v2\/pages"}],"about":[{"href":"https:\/\/cisss-gaspesie.gouv.qc.ca\/professionnels\/wp-json\/wp\/v2\/types\/page"}],"author":[{"embeddable":true,"href":"https:\/\/cisss-gaspesie.gouv.qc.ca\/professionnels\/wp-json\/wp\/v2\/users\/1"}],"replies":[{"embeddable":true,"href":"https:\/\/cisss-gaspesie.gouv.qc.ca\/professionnels\/wp-json\/wp\/v2\/comments?post=303"}],"version-history":[{"count":5,"href":"https:\/\/cisss-gaspesie.gouv.qc.ca\/professionnels\/wp-json\/wp\/v2\/pages\/303\/revisions"}],"predecessor-version":[{"id":686,"href":"https:\/\/cisss-gaspesie.gouv.qc.ca\/professionnels\/wp-json\/wp\/v2\/pages\/303\/revisions\/686"}],"wp:attachment":[{"href":"https:\/\/cisss-gaspesie.gouv.qc.ca\/professionnels\/wp-json\/wp\/v2\/media?parent=303"}],"curies":[{"name":"wp","href":"https:\/\/api.w.org\/{rel}","templated":true}]}}